{"id":2,"date":"2020-01-14T13:22:27","date_gmt":"2020-01-14T12:22:27","guid":{"rendered":"https:\/\/mons-molentum.com\/?page_id=2"},"modified":"2026-01-13T17:48:44","modified_gmt":"2026-01-13T16:48:44","slug":"sample-page","status":"publish","type":"page","link":"https:\/\/mons-molentum.com\/en\/","title":{"rendered":"Home"},"content":{"rendered":"<div data-elementor-type=\"wp-page\" data-elementor-id=\"2\" class=\"elementor elementor-2\">\n\t\t\t\t\t\t<section class=\"elementor-section elementor-top-section elementor-element elementor-element-60e46636 elementor-section-stretched elementor-section-boxed elementor-section-height-default elementor-section-height-default\" data-id=\"60e46636\" data-element_type=\"section\" data-e-type=\"section\" id=\"welcome\" data-settings=\"{&quot;stretch_section&quot;:&quot;section-stretched&quot;}\">\n\t\t\t\t\t\t<div class=\"elementor-container elementor-column-gap-default\">\n\t\t\t\t\t<div class=\"elementor-column elementor-col-100 elementor-top-column elementor-element elementor-element-525c18d6\" data-id=\"525c18d6\" data-element_type=\"column\" data-e-type=\"column\">\n\t\t\t<div class=\"elementor-widget-wrap elementor-element-populated\">\n\t\t\t\t\t\t<section class=\"elementor-section elementor-inner-section elementor-element elementor-element-97f0665 elementor-section-boxed elementor-section-height-default elementor-section-height-default\" data-id=\"97f0665\" data-element_type=\"section\" data-e-type=\"section\">\n\t\t\t\t\t\t<div class=\"elementor-container elementor-column-gap-default\">\n\t\t\t\t\t<div class=\"elementor-column elementor-col-100 elementor-inner-column elementor-element elementor-element-80a3996\" data-id=\"80a3996\" data-element_type=\"column\" data-e-type=\"column\">\n\t\t\t<div class=\"elementor-widget-wrap elementor-element-populated\">\n\t\t\t\t\t\t<div class=\"elementor-element elementor-element-592462d elementor-widget elementor-widget-text-editor\" data-id=\"592462d\" data-element_type=\"widget\" data-e-type=\"widget\" data-widget_type=\"text-editor.default\">\n\t\t\t\t<div class=\"elementor-widget-container\">\n\t\t\t\t\t\t\t\t\t<h1 style=\"text-align: center;\">Mons Molentum<\/h1><h5 style=\"text-align: center;\">Upgrade your Espresso<\/h5>\t\t\t\t\t\t\t\t<\/div>\n\t\t\t\t<\/div>\n\t\t\t\t<div class=\"elementor-element elementor-element-d81ce12 elementor-widget-divider--view-line elementor-widget elementor-widget-divider\" data-id=\"d81ce12\" data-element_type=\"widget\" data-e-type=\"widget\" data-widget_type=\"divider.default\">\n\t\t\t\t<div class=\"elementor-widget-container\">\n\t\t\t\t\t\t\t<div class=\"elementor-divider\">\n\t\t\t<span class=\"elementor-divider-separator\">\n\t\t\t\t\t\t<\/span>\n\t\t<\/div>\n\t\t\t\t\t\t<\/div>\n\t\t\t\t<\/div>\n\t\t\t\t\t<\/div>\n\t\t<\/div>\n\t\t\t\t\t<\/div>\n\t\t<\/section>\n\t\t\t\t<section class=\"elementor-section elementor-inner-section elementor-element elementor-element-df07d42 elementor-section-boxed elementor-section-height-default elementor-section-height-default\" data-id=\"df07d42\" data-element_type=\"section\" data-e-type=\"section\">\n\t\t\t\t\t\t<div class=\"elementor-container elementor-column-gap-default\">\n\t\t\t\t\t<div class=\"elementor-column elementor-col-100 elementor-inner-column elementor-element elementor-element-ed0e292\" data-id=\"ed0e292\" data-element_type=\"column\" data-e-type=\"column\">\n\t\t\t<div class=\"elementor-widget-wrap elementor-element-populated\">\n\t\t\t\t\t\t<div class=\"elementor-element elementor-element-1dc52ed elementor-widget elementor-widget-text-editor\" data-id=\"1dc52ed\" data-element_type=\"widget\" data-e-type=\"widget\" data-widget_type=\"text-editor.default\">\n\t\t\t\t<div class=\"elementor-widget-container\">\n\t\t\t\t\t\t\t\t\t<h4><a href=\"https:\/\/mons-molentum.com\/en\/sample-page\/news\/\"><strong>NEWS<\/strong><\/a><\/h4>\n<h6><span style=\"color: #3366ff;\">&nbsp;<\/span><\/h6>\n<h6><span style=\"padding-bottom: 0px; color: #3366ff;\">Alles Neu in 2026 &#8230;weiterlesen<\/span><\/h6>\n<p><\/p>\n<div>&nbsp;<\/div>\t\t\t\t\t\t\t\t<\/div>\n\t\t\t\t<\/div>\n\t\t\t\t\t<\/div>\n\t\t<\/div>\n\t\t\t\t\t<\/div>\n\t\t<\/section>\n\t\t\t\t\t<\/div>\n\t\t<\/div>\n\t\t\t\t\t<\/div>\n\t\t<\/section>\n\t\t\t\t<section class=\"elementor-section elementor-top-section elementor-element elementor-element-ba69d59 elementor-section-boxed elementor-section-height-default elementor-section-height-default\" data-id=\"ba69d59\" data-element_type=\"section\" data-e-type=\"section\">\n\t\t\t\t\t\t<div class=\"elementor-container elementor-column-gap-default\">\n\t\t\t\t\t<div class=\"elementor-column elementor-col-100 elementor-top-column elementor-element elementor-element-230c63e\" data-id=\"230c63e\" data-element_type=\"column\" data-e-type=\"column\">\n\t\t\t<div class=\"elementor-widget-wrap elementor-element-populated\">\n\t\t\t\t\t\t<div class=\"elementor-element elementor-element-88567a1 elementor-widget elementor-widget-heading\" data-id=\"88567a1\" data-element_type=\"widget\" data-e-type=\"widget\" data-widget_type=\"heading.default\">\n\t\t\t\t<div class=\"elementor-widget-container\">\n\t\t\t\t\t<h1 class=\"elementor-heading-title elementor-size-default\"><a href=\"https:\/\/mons-molentum.com\/en\/product\/glastank-quickmill\/\">Der Glastank f\u00fcr Quickmill Maschinen<br><\/a><\/h1>\t\t\t\t<\/div>\n\t\t\t\t<\/div>\n\t\t\t\t<div class=\"elementor-element elementor-element-9fb83bf elementor-widget elementor-widget-image\" data-id=\"9fb83bf\" data-element_type=\"widget\" data-e-type=\"widget\" data-widget_type=\"image.default\">\n\t\t\t\t<div class=\"elementor-widget-container\">\n\t\t\t\t\t\t\t\t\t\t\t\t\t\t\t\t<a href=\"https:\/\/mons-molentum.com\/en\/product\/glastank-quickmill\/\">\n\t\t\t\t\t\t\t<img fetchpriority=\"high\" decoding=\"async\" width=\"300\" height=\"225\" src=\"https:\/\/mons-molentum.com\/wp-content\/uploads\/2026\/01\/20251207_101629-300x225.jpg\" class=\"attachment-medium size-medium wp-image-1887\" alt=\"\" srcset=\"https:\/\/mons-molentum.com\/wp-content\/uploads\/2026\/01\/20251207_101629-300x225.jpg 300w, https:\/\/mons-molentum.com\/wp-content\/uploads\/2026\/01\/20251207_101629-1024x768.jpg 1024w, https:\/\/mons-molentum.com\/wp-content\/uploads\/2026\/01\/20251207_101629-768x576.jpg 768w, https:\/\/mons-molentum.com\/wp-content\/uploads\/2026\/01\/20251207_101629-1536x1152.jpg 1536w, https:\/\/mons-molentum.com\/wp-content\/uploads\/2026\/01\/20251207_101629-2048x1536.jpg 2048w, https:\/\/mons-molentum.com\/wp-content\/uploads\/2026\/01\/20251207_101629-16x12.jpg 16w, https:\/\/mons-molentum.com\/wp-content\/uploads\/2026\/01\/20251207_101629-416x312.jpg 416w\" sizes=\"(max-width: 300px) 100vw, 300px\" \/>\t\t\t\t\t\t\t\t<\/a>\n\t\t\t\t\t\t\t\t\t\t\t\t\t\t\t<\/div>\n\t\t\t\t<\/div>\n\t\t\t\t<section class=\"elementor-section elementor-inner-section elementor-element elementor-element-7d2405c elementor-section-boxed elementor-section-height-default elementor-section-height-default\" data-id=\"7d2405c\" data-element_type=\"section\" data-e-type=\"section\">\n\t\t\t\t\t\t<div class=\"elementor-container elementor-column-gap-default\">\n\t\t\t\t\t<div class=\"make-column-clickable-elementor elementor-column elementor-col-50 elementor-inner-column elementor-element elementor-element-82cb19d elementor-invisible\" style=\"cursor: pointer;\" data-column-clickable=\"\/produkt-kategorie\/naben\/\" data-column-clickable-blank=\"_self\" data-id=\"82cb19d\" data-element_type=\"column\" data-e-type=\"column\" data-settings=\"{&quot;background_background&quot;:&quot;classic&quot;,&quot;animation&quot;:&quot;pulse&quot;,&quot;animation_delay&quot;:100}\">\n\t\t\t<div class=\"elementor-widget-wrap elementor-element-populated\">\n\t\t\t\t\t\t<div class=\"elementor-element elementor-element-23a73d8 elementor-widget elementor-widget-heading\" data-id=\"23a73d8\" data-element_type=\"widget\" data-e-type=\"widget\" data-widget_type=\"heading.default\">\n\t\t\t\t<div class=\"elementor-widget-container\">\n\t\t\t\t\t<h2 class=\"elementor-heading-title elementor-size-default\">Upgrades f\u00fcr Siebtr\u00e4ger<\/h2>\t\t\t\t<\/div>\n\t\t\t\t<\/div>\n\t\t\t\t<div class=\"elementor-element elementor-element-6c4e518 elementor-widget elementor-widget-text-editor\" data-id=\"6c4e518\" data-element_type=\"widget\" data-e-type=\"widget\" data-widget_type=\"text-editor.default\">\n\t\t\t\t<div class=\"elementor-widget-container\">\n\t\t\t\t\t\t\t\t\t<p>Hier entsteht in K\u00fcze Inhalt<\/p>\t\t\t\t\t\t\t\t<\/div>\n\t\t\t\t<\/div>\n\t\t\t\t\t<\/div>\n\t\t<\/div>\n\t\t\t\t<div class=\"make-column-clickable-elementor elementor-column elementor-col-50 elementor-inner-column elementor-element elementor-element-616ef80 elementor-invisible\" style=\"cursor: pointer;\" data-column-clickable=\"\/produkt-kategorie\/nippel\/\" data-column-clickable-blank=\"_self\" data-id=\"616ef80\" data-element_type=\"column\" data-e-type=\"column\" data-settings=\"{&quot;background_background&quot;:&quot;classic&quot;,&quot;animation&quot;:&quot;pulse&quot;,&quot;animation_delay&quot;:100}\">\n\t\t\t<div class=\"elementor-widget-wrap elementor-element-populated\">\n\t\t\t\t\t\t<div class=\"elementor-element elementor-element-b5be774 elementor-widget elementor-widget-heading\" data-id=\"b5be774\" data-element_type=\"widget\" data-e-type=\"widget\" data-widget_type=\"heading.default\">\n\t\t\t\t<div class=\"elementor-widget-container\">\n\t\t\t\t\t<h2 class=\"elementor-heading-title elementor-size-default\">Upgrades f\u00fcr M\u00fchlen<\/h2>\t\t\t\t<\/div>\n\t\t\t\t<\/div>\n\t\t\t\t<div class=\"elementor-element elementor-element-5510090 elementor-widget elementor-widget-text-editor\" data-id=\"5510090\" data-element_type=\"widget\" data-e-type=\"widget\" data-widget_type=\"text-editor.default\">\n\t\t\t\t<div class=\"elementor-widget-container\">\n\t\t\t\t\t\t\t\t\t<p>Hier entsteht Inhalt<\/p>\t\t\t\t\t\t\t\t<\/div>\n\t\t\t\t<\/div>\n\t\t\t\t\t<\/div>\n\t\t<\/div>\n\t\t\t\t\t<\/div>\n\t\t<\/section>\n\t\t\t\t\t<\/div>\n\t\t<\/div>\n\t\t\t\t\t<\/div>\n\t\t<\/section>\n\t\t\t\t<section class=\"elementor-section elementor-top-section elementor-element elementor-element-94007e8 elementor-section-boxed elementor-section-height-default elementor-section-height-default\" data-id=\"94007e8\" data-element_type=\"section\" data-e-type=\"section\">\n\t\t\t\t\t\t<div class=\"elementor-container elementor-column-gap-default\">\n\t\t\t\t\t<div class=\"elementor-column elementor-col-100 elementor-top-column elementor-element elementor-element-2459842\" data-id=\"2459842\" data-element_type=\"column\" data-e-type=\"column\">\n\t\t\t<div class=\"elementor-widget-wrap elementor-element-populated\">\n\t\t\t\t\t\t<div class=\"elementor-element elementor-element-f7a47bb elementor-widget-divider--view-line elementor-widget elementor-widget-divider\" data-id=\"f7a47bb\" data-element_type=\"widget\" data-e-type=\"widget\" data-widget_type=\"divider.default\">\n\t\t\t\t<div class=\"elementor-widget-container\">\n\t\t\t\t\t\t\t<div class=\"elementor-divider\">\n\t\t\t<span class=\"elementor-divider-separator\">\n\t\t\t\t\t\t<\/span>\n\t\t<\/div>\n\t\t\t\t\t\t<\/div>\n\t\t\t\t<\/div>\n\t\t\t\t\t<\/div>\n\t\t<\/div>\n\t\t\t\t\t<\/div>\n\t\t<\/section>\n\t\t\t\t<\/div>","protected":false},"excerpt":{"rendered":"<p>Mons Molentum Upgrade your Espresso NEWS &nbsp; Alles Neu in 2026 &#8230;weiterlesen &nbsp; Der Glastank f\u00fcr Quickmill Maschinen Upgrades f\u00fcr Siebtr\u00e4ger Hier entsteht in K\u00fcze Inhalt Upgrades f\u00fcr M\u00fchlen Hier entsteht Inhalt<\/p>","protected":false},"author":2,"featured_media":0,"parent":0,"menu_order":1,"comment_status":"closed","ping_status":"closed","template":"elementor_header_footer","meta":{"footnotes":""},"class_list":["post-2","page","type-page","status-publish","hentry"],"yoast_head":"<!-- This site is optimized with the Yoast SEO plugin v27.3 - https:\/\/yoast.com\/product\/yoast-seo-wordpress\/ -->\n<title>Home - Mons Molentum<\/title>\n<meta name=\"robots\" content=\"index, follow, max-snippet:-1, max-image-preview:large, max-video-preview:-1\" \/>\n<link rel=\"canonical\" href=\"https:\/\/mons-molentum.com\/en\/\" \/>\n<meta property=\"og:locale\" content=\"en_US\" \/>\n<meta property=\"og:type\" content=\"article\" \/>\n<meta property=\"og:title\" content=\"Home - Mons Molentum\" \/>\n<meta property=\"og:description\" content=\"Mons Molentum Upgrade your Espresso NEWS &nbsp; Alles Neu in 2026 &#8230;weiterlesen &nbsp; Der Glastank f\u00fcr Quickmill Maschinen Upgrades f\u00fcr Siebtr\u00e4ger Hier entsteht in K\u00fcze Inhalt Upgrades f\u00fcr M\u00fchlen Hier entsteht Inhalt\" \/>\n<meta property=\"og:url\" content=\"https:\/\/mons-molentum.com\/en\/\" \/>\n<meta property=\"og:site_name\" content=\"Mons Molentum\" \/>\n<meta property=\"article:modified_time\" content=\"2026-01-13T16:48:44+00:00\" \/>\n<meta property=\"og:image\" content=\"https:\/\/mons-molentum.com\/wp-content\/uploads\/2026\/01\/20251207_101629-scaled.jpg\" \/>\n\t<meta property=\"og:image:width\" content=\"2560\" \/>\n\t<meta property=\"og:image:height\" content=\"1920\" \/>\n\t<meta property=\"og:image:type\" content=\"image\/jpeg\" \/>\n<meta name=\"twitter:card\" content=\"summary_large_image\" \/>\n<meta name=\"twitter:label1\" content=\"Est. reading time\" \/>\n\t<meta name=\"twitter:data1\" content=\"1 minute\" \/>\n<script type=\"application\/ld+json\" class=\"yoast-schema-graph\">{\"@context\":\"https:\\\/\\\/schema.org\",\"@graph\":[{\"@type\":\"WebPage\",\"@id\":\"https:\\\/\\\/mons-molentum.com\\\/\",\"url\":\"https:\\\/\\\/mons-molentum.com\\\/\",\"name\":\"Home - Mons Molentum\",\"isPartOf\":{\"@id\":\"https:\\\/\\\/mons-molentum.com\\\/#website\"},\"primaryImageOfPage\":{\"@id\":\"https:\\\/\\\/mons-molentum.com\\\/#primaryimage\"},\"image\":{\"@id\":\"https:\\\/\\\/mons-molentum.com\\\/#primaryimage\"},\"thumbnailUrl\":\"https:\\\/\\\/mons-molentum.com\\\/wp-content\\\/uploads\\\/2026\\\/01\\\/20251207_101629-300x225.jpg\",\"datePublished\":\"2020-01-14T12:22:27+00:00\",\"dateModified\":\"2026-01-13T16:48:44+00:00\",\"breadcrumb\":{\"@id\":\"https:\\\/\\\/mons-molentum.com\\\/#breadcrumb\"},\"inLanguage\":\"en-US\",\"potentialAction\":[{\"@type\":\"ReadAction\",\"target\":[\"https:\\\/\\\/mons-molentum.com\\\/\"]}]},{\"@type\":\"ImageObject\",\"inLanguage\":\"en-US\",\"@id\":\"https:\\\/\\\/mons-molentum.com\\\/#primaryimage\",\"url\":\"https:\\\/\\\/mons-molentum.com\\\/wp-content\\\/uploads\\\/2026\\\/01\\\/20251207_101629-300x225.jpg\",\"contentUrl\":\"https:\\\/\\\/mons-molentum.com\\\/wp-content\\\/uploads\\\/2026\\\/01\\\/20251207_101629-300x225.jpg\"},{\"@type\":\"BreadcrumbList\",\"@id\":\"https:\\\/\\\/mons-molentum.com\\\/#breadcrumb\",\"itemListElement\":[{\"@type\":\"ListItem\",\"position\":1,\"name\":\"Startseite\",\"item\":\"https:\\\/\\\/mons-molentum.com\\\/\"},{\"@type\":\"ListItem\",\"position\":2,\"name\":\"Home\"}]},{\"@type\":\"WebSite\",\"@id\":\"https:\\\/\\\/mons-molentum.com\\\/#website\",\"url\":\"https:\\\/\\\/mons-molentum.com\\\/\",\"name\":\"Mons Molentum\",\"description\":\"Upgrade Your Machine\",\"potentialAction\":[{\"@type\":\"SearchAction\",\"target\":{\"@type\":\"EntryPoint\",\"urlTemplate\":\"https:\\\/\\\/mons-molentum.com\\\/?s={search_term_string}\"},\"query-input\":{\"@type\":\"PropertyValueSpecification\",\"valueRequired\":true,\"valueName\":\"search_term_string\"}}],\"inLanguage\":\"en-US\"}]}<\/script>\n<!-- \/ Yoast SEO plugin. -->","yoast_head_json":{"title":"Home - Mons Molentum","robots":{"index":"index","follow":"follow","max-snippet":"max-snippet:-1","max-image-preview":"max-image-preview:large","max-video-preview":"max-video-preview:-1"},"canonical":"https:\/\/mons-molentum.com\/en\/","og_locale":"en_US","og_type":"article","og_title":"Home - Mons Molentum","og_description":"Mons Molentum Upgrade your Espresso NEWS &nbsp; Alles Neu in 2026 &#8230;weiterlesen &nbsp; Der Glastank f\u00fcr Quickmill Maschinen Upgrades f\u00fcr Siebtr\u00e4ger Hier entsteht in K\u00fcze Inhalt Upgrades f\u00fcr M\u00fchlen Hier entsteht Inhalt","og_url":"https:\/\/mons-molentum.com\/en\/","og_site_name":"Mons Molentum","article_modified_time":"2026-01-13T16:48:44+00:00","og_image":[{"width":2560,"height":1920,"url":"https:\/\/mons-molentum.com\/wp-content\/uploads\/2026\/01\/20251207_101629-scaled.jpg","type":"image\/jpeg"}],"twitter_card":"summary_large_image","twitter_misc":{"Est. reading time":"1 minute"},"schema":{"@context":"https:\/\/schema.org","@graph":[{"@type":"WebPage","@id":"https:\/\/mons-molentum.com\/","url":"https:\/\/mons-molentum.com\/","name":"Home - Mons Molentum","isPartOf":{"@id":"https:\/\/mons-molentum.com\/#website"},"primaryImageOfPage":{"@id":"https:\/\/mons-molentum.com\/#primaryimage"},"image":{"@id":"https:\/\/mons-molentum.com\/#primaryimage"},"thumbnailUrl":"https:\/\/mons-molentum.com\/wp-content\/uploads\/2026\/01\/20251207_101629-300x225.jpg","datePublished":"2020-01-14T12:22:27+00:00","dateModified":"2026-01-13T16:48:44+00:00","breadcrumb":{"@id":"https:\/\/mons-molentum.com\/#breadcrumb"},"inLanguage":"en-US","potentialAction":[{"@type":"ReadAction","target":["https:\/\/mons-molentum.com\/"]}]},{"@type":"ImageObject","inLanguage":"en-US","@id":"https:\/\/mons-molentum.com\/#primaryimage","url":"https:\/\/mons-molentum.com\/wp-content\/uploads\/2026\/01\/20251207_101629-300x225.jpg","contentUrl":"https:\/\/mons-molentum.com\/wp-content\/uploads\/2026\/01\/20251207_101629-300x225.jpg"},{"@type":"BreadcrumbList","@id":"https:\/\/mons-molentum.com\/#breadcrumb","itemListElement":[{"@type":"ListItem","position":1,"name":"Startseite","item":"https:\/\/mons-molentum.com\/"},{"@type":"ListItem","position":2,"name":"Home"}]},{"@type":"WebSite","@id":"https:\/\/mons-molentum.com\/#website","url":"https:\/\/mons-molentum.com\/","name":"Mons Molentum","description":"Upgrade Your Machine","potentialAction":[{"@type":"SearchAction","target":{"@type":"EntryPoint","urlTemplate":"https:\/\/mons-molentum.com\/?s={search_term_string}"},"query-input":{"@type":"PropertyValueSpecification","valueRequired":true,"valueName":"search_term_string"}}],"inLanguage":"en-US"}]}},"jetpack_sharing_enabled":true,"_links":{"self":[{"href":"https:\/\/mons-molentum.com\/en\/wp-json\/wp\/v2\/pages\/2","targetHints":{"allow":["GET"]}}],"collection":[{"href":"https:\/\/mons-molentum.com\/en\/wp-json\/wp\/v2\/pages"}],"about":[{"href":"https:\/\/mons-molentum.com\/en\/wp-json\/wp\/v2\/types\/page"}],"author":[{"embeddable":true,"href":"https:\/\/mons-molentum.com\/en\/wp-json\/wp\/v2\/users\/2"}],"replies":[{"embeddable":true,"href":"https:\/\/mons-molentum.com\/en\/wp-json\/wp\/v2\/comments?post=2"}],"version-history":[{"count":10,"href":"https:\/\/mons-molentum.com\/en\/wp-json\/wp\/v2\/pages\/2\/revisions"}],"predecessor-version":[{"id":1893,"href":"https:\/\/mons-molentum.com\/en\/wp-json\/wp\/v2\/pages\/2\/revisions\/1893"}],"wp:attachment":[{"href":"https:\/\/mons-molentum.com\/en\/wp-json\/wp\/v2\/media?parent=2"}],"curies":[{"name":"wp","href":"https:\/\/api.w.org\/{rel}","templated":true}]}}